{"id":7,"date":"2021-06-05T15:59:40","date_gmt":"2021-06-05T13:59:40","guid":{"rendered":"http:\/\/educatio.cal24.pl\/?page_id=7"},"modified":"2023-03-14T23:46:07","modified_gmt":"2023-03-14T22:46:07","slug":"strona-glowna","status":"publish","type":"page","link":"https:\/\/zegarmistrz.pl\/komis\/","title":{"rendered":"Strona g\u0142\u00f3wna"},"content":{"rendered":"<p><section data-kc-equalheight=\"true\" data-kc-equalheight-align=\"middle\" id=\"hero\" class=\"kc-elm kc-css-486655 kc_row\"><div class=\"kc-row-container  kc-container\"><div class=\"kc-wrap-columns\"><div class=\"kc-elm kc-css-89148 kc_col-sm-6 kc_column kc_col-sm-6\"><div class=\"kc-col-container\">\n<div class=\"kc-elm kc-css-637837 kc-title-wrap \">\n\n\t<h2 class=\"kc_title\">TW\u00d3J ZYSK<\/h2>\n<\/div>\n<div class=\"kc-elm kc-css-266760 kc_text_block\"><\/p>\n<p>Jeste\u015b zainteresowany sprzeda\u017c\u0105 swojego zegarka? Jeste\u015bmy do Twojej dyspozycji.\u00a0<\/p>\n<p>Wype\u0142nij formularz, do\u0142\u0105cz zdj\u0119cia a odezwiemy si\u0119 do Ciebie z nasz\u0105 ofert\u0105.<\/p>\n<p>\n<\/div>\n<div class=\"kc-elm kc-css-391875\">\n\t<a class=\"kc_button\" href=\"https:\/\/zegarmistrz.pl\/komis\/formularz-zgloszeniowy\/\" target=\"_self\" title=\"\" onclick=\"\">\n\t\tPrzejd\u017a do formularza\t<\/a>\n<\/div>\n<\/div><\/div><div class=\"kc-elm kc-css-567048 kc_col-sm-6 kc_column kc_col-sm-6\"><div class=\"kc-col-container\"><\/div><\/div><\/div><\/div><\/section><section id=\"slider\" class=\"kc-elm kc-css-274119 kc_row\"><div class=\"kc-row-container  kc-container\"><div class=\"kc-wrap-columns\"><div class=\"kc-elm kc-css-459214 kc_col-sm-12 kc_column kc_col-sm-12\"><div class=\"kc-col-container\"><div class=\"kc-elm kc-css-76255 kc_text_block\">\t<div class=\"slider\">\n\t\t\t<div class=\"zegarek\">\n\t\t\t<div class=\"wrap_img\">\n\t\t\t\t\t\t\t\t\t<a href=\"https:\/\/zegarmistrz.pl\/komis\/zegarek\/albert-riele\/\" title=\"Albert Riele\">\n\t\t\t\t\t\t<img width=\"350\" height=\"350\" src=\"https:\/\/zegarmistrz.pl\/komis\/wp-content\/uploads\/2023\/05\/albert_riele_challenger_232ga04_3-350x350.png\" class=\"img-responsive wp-post-image\" alt=\"\" loading=\"lazy\" srcset=\"https:\/\/zegarmistrz.pl\/komis\/wp-content\/uploads\/2023\/05\/albert_riele_challenger_232ga04_3-350x350.png 350w, https:\/\/zegarmistrz.pl\/komis\/wp-content\/uploads\/2023\/05\/albert_riele_challenger_232ga04_3-300x300.png 300w, https:\/\/zegarmistrz.pl\/komis\/wp-content\/uploads\/2023\/05\/albert_riele_challenger_232ga04_3-150x150.png 150w, https:\/\/zegarmistrz.pl\/komis\/wp-content\/uploads\/2023\/05\/albert_riele_challenger_232ga04_3-768x768.png 768w, https:\/\/zegarmistrz.pl\/komis\/wp-content\/uploads\/2023\/05\/albert_riele_challenger_232ga04_3.png 1000w\" sizes=\"(max-width: 350px) 100vw, 350px\" \/>\t\t\t\t\t<\/a>\n\t\t\t\t\t\t\t<\/div>\n\t\t\t<div class=\"wrap_info\">\n\t\t\t\t<a href=\"https:\/\/zegarmistrz.pl\/komis\/zegarek\/albert-riele\/\"><h3>Albert Riele<\/h3><\/a>\n\t\t\t\t<div class=\"model\">Challenger<\/div>\n\t\t\t<\/div>\n\t\t<\/div>\n\t\t\t<div class=\"zegarek\">\n\t\t\t<div class=\"wrap_img\">\n\t\t\t\t\t\t\t\t\t<a href=\"https:\/\/zegarmistrz.pl\/komis\/zegarek\/maurice-lacroix-pontos-chronograph-pt6388\/\" title=\"Maurice Lacroix Pontos Chronograph PT6388\">\n\t\t\t\t\t\t<img width=\"350\" height=\"350\" src=\"https:\/\/zegarmistrz.pl\/komis\/wp-content\/uploads\/2023\/05\/maurice_lacroix_ml112_PT6388_komis_zegarkow_poznan_komasa-350x350.png\" class=\"img-responsive wp-post-image\" alt=\"\" loading=\"lazy\" srcset=\"https:\/\/zegarmistrz.pl\/komis\/wp-content\/uploads\/2023\/05\/maurice_lacroix_ml112_PT6388_komis_zegarkow_poznan_komasa-350x350.png 350w, https:\/\/zegarmistrz.pl\/komis\/wp-content\/uploads\/2023\/05\/maurice_lacroix_ml112_PT6388_komis_zegarkow_poznan_komasa-300x300.png 300w, https:\/\/zegarmistrz.pl\/komis\/wp-content\/uploads\/2023\/05\/maurice_lacroix_ml112_PT6388_komis_zegarkow_poznan_komasa-150x150.png 150w, https:\/\/zegarmistrz.pl\/komis\/wp-content\/uploads\/2023\/05\/maurice_lacroix_ml112_PT6388_komis_zegarkow_poznan_komasa-768x768.png 768w, https:\/\/zegarmistrz.pl\/komis\/wp-content\/uploads\/2023\/05\/maurice_lacroix_ml112_PT6388_komis_zegarkow_poznan_komasa.png 800w\" sizes=\"(max-width: 350px) 100vw, 350px\" \/>\t\t\t\t\t<\/a>\n\t\t\t\t\t\t\t<\/div>\n\t\t\t<div class=\"wrap_info\">\n\t\t\t\t<a href=\"https:\/\/zegarmistrz.pl\/komis\/zegarek\/maurice-lacroix-pontos-chronograph-pt6388\/\"><h3>Maurice Lacroix <\/h3><\/a>\n\t\t\t\t<div class=\"model\">Pontos Chronograph PT6388<\/div>\n\t\t\t<\/div>\n\t\t<\/div>\n\t\t\t<div class=\"zegarek\">\n\t\t\t<div class=\"wrap_img\">\n\t\t\t\t\t\t\t\t\t<a href=\"https:\/\/zegarmistrz.pl\/komis\/zegarek\/zenith-2\/\" title=\"Zenith\">\n\t\t\t\t\t\t<img width=\"350\" height=\"350\" src=\"https:\/\/zegarmistrz.pl\/komis\/wp-content\/uploads\/2023\/01\/komis_zenith_chronomaster_sport_steel_f-350x350.png\" class=\"img-responsive wp-post-image\" alt=\"\" loading=\"lazy\" srcset=\"https:\/\/zegarmistrz.pl\/komis\/wp-content\/uploads\/2023\/01\/komis_zenith_chronomaster_sport_steel_f-350x350.png 350w, https:\/\/zegarmistrz.pl\/komis\/wp-content\/uploads\/2023\/01\/komis_zenith_chronomaster_sport_steel_f-300x300.png 300w, https:\/\/zegarmistrz.pl\/komis\/wp-content\/uploads\/2023\/01\/komis_zenith_chronomaster_sport_steel_f-150x150.png 150w, https:\/\/zegarmistrz.pl\/komis\/wp-content\/uploads\/2023\/01\/komis_zenith_chronomaster_sport_steel_f-768x768.png 768w, https:\/\/zegarmistrz.pl\/komis\/wp-content\/uploads\/2023\/01\/komis_zenith_chronomaster_sport_steel_f.png 1000w\" sizes=\"(max-width: 350px) 100vw, 350px\" \/>\t\t\t\t\t<\/a>\n\t\t\t\t\t\t\t<\/div>\n\t\t\t<div class=\"wrap_info\">\n\t\t\t\t<a href=\"https:\/\/zegarmistrz.pl\/komis\/zegarek\/zenith-2\/\"><h3>Zenith<\/h3><\/a>\n\t\t\t\t<div class=\"model\">El Primero 3600<\/div>\n\t\t\t<\/div>\n\t\t<\/div>\n\t\t\t<div class=\"zegarek\">\n\t\t\t<div class=\"wrap_img\">\n\t\t\t\t\t\t\t\t\t<a href=\"https:\/\/zegarmistrz.pl\/komis\/zegarek\/edox-13\/\" title=\"Edox\">\n\t\t\t\t\t\t<img width=\"350\" height=\"350\" src=\"https:\/\/zegarmistrz.pl\/komis\/wp-content\/uploads\/2023\/01\/Edox_Les_Vauberts-350x350.png\" class=\"img-responsive wp-post-image\" alt=\"\" loading=\"lazy\" srcset=\"https:\/\/zegarmistrz.pl\/komis\/wp-content\/uploads\/2023\/01\/Edox_Les_Vauberts-350x350.png 350w, https:\/\/zegarmistrz.pl\/komis\/wp-content\/uploads\/2023\/01\/Edox_Les_Vauberts-300x300.png 300w, https:\/\/zegarmistrz.pl\/komis\/wp-content\/uploads\/2023\/01\/Edox_Les_Vauberts-150x150.png 150w, https:\/\/zegarmistrz.pl\/komis\/wp-content\/uploads\/2023\/01\/Edox_Les_Vauberts-768x768.png 768w, https:\/\/zegarmistrz.pl\/komis\/wp-content\/uploads\/2023\/01\/Edox_Les_Vauberts.png 1000w\" sizes=\"(max-width: 350px) 100vw, 350px\" \/>\t\t\t\t\t<\/a>\n\t\t\t\t\t\t\t<\/div>\n\t\t\t<div class=\"wrap_info\">\n\t\t\t\t<a href=\"https:\/\/zegarmistrz.pl\/komis\/zegarek\/edox-13\/\"><h3>Edox<\/h3><\/a>\n\t\t\t\t<div class=\"model\">Les Vauberts <\/div>\n\t\t\t<\/div>\n\t\t<\/div>\n\t\t\t<div class=\"zegarek\">\n\t\t\t<div class=\"wrap_img\">\n\t\t\t\t\t\t\t\t\t<a href=\"https:\/\/zegarmistrz.pl\/komis\/zegarek\/longines\/\" title=\"Longines\">\n\t\t\t\t\t\t<img width=\"350\" height=\"350\" src=\"https:\/\/zegarmistrz.pl\/komis\/wp-content\/uploads\/2022\/09\/komis_zegarkow_longines_l3.782.4_F-350x350.png\" class=\"img-responsive wp-post-image\" alt=\"\" loading=\"lazy\" srcset=\"https:\/\/zegarmistrz.pl\/komis\/wp-content\/uploads\/2022\/09\/komis_zegarkow_longines_l3.782.4_F-350x350.png 350w, https:\/\/zegarmistrz.pl\/komis\/wp-content\/uploads\/2022\/09\/komis_zegarkow_longines_l3.782.4_F-300x300.png 300w, https:\/\/zegarmistrz.pl\/komis\/wp-content\/uploads\/2022\/09\/komis_zegarkow_longines_l3.782.4_F-150x150.png 150w, https:\/\/zegarmistrz.pl\/komis\/wp-content\/uploads\/2022\/09\/komis_zegarkow_longines_l3.782.4_F-768x768.png 768w, https:\/\/zegarmistrz.pl\/komis\/wp-content\/uploads\/2022\/09\/komis_zegarkow_longines_l3.782.4_F.png 1000w\" sizes=\"(max-width: 350px) 100vw, 350px\" \/>\t\t\t\t\t<\/a>\n\t\t\t\t\t\t\t<\/div>\n\t\t\t<div class=\"wrap_info\">\n\t\t\t\t<a href=\"https:\/\/zegarmistrz.pl\/komis\/zegarek\/longines\/\"><h3>Longines <\/h3><\/a>\n\t\t\t\t<div class=\"model\">Longines Hydro Conquest  <\/div>\n\t\t\t<\/div>\n\t\t<\/div>\n\t\t\t<div class=\"zegarek\">\n\t\t\t<div class=\"wrap_img\">\n\t\t\t\t\t\t\t\t\t<a href=\"https:\/\/zegarmistrz.pl\/komis\/zegarek\/rado-2\/\" title=\"Rado\">\n\t\t\t\t\t\t<img width=\"350\" height=\"350\" src=\"https:\/\/zegarmistrz.pl\/komis\/wp-content\/uploads\/2022\/09\/komis_zegarko\u0301w_Rado-_6-1-350x350.png\" class=\"img-responsive wp-post-image\" alt=\"\" loading=\"lazy\" srcset=\"https:\/\/zegarmistrz.pl\/komis\/wp-content\/uploads\/2022\/09\/komis_zegarko\u0301w_Rado-_6-1-350x350.png 350w, https:\/\/zegarmistrz.pl\/komis\/wp-content\/uploads\/2022\/09\/komis_zegarko\u0301w_Rado-_6-1-300x300.png 300w, https:\/\/zegarmistrz.pl\/komis\/wp-content\/uploads\/2022\/09\/komis_zegarko\u0301w_Rado-_6-1-150x150.png 150w, https:\/\/zegarmistrz.pl\/komis\/wp-content\/uploads\/2022\/09\/komis_zegarko\u0301w_Rado-_6-1-768x768.png 768w, https:\/\/zegarmistrz.pl\/komis\/wp-content\/uploads\/2022\/09\/komis_zegarko\u0301w_Rado-_6-1.png 1000w\" sizes=\"(max-width: 350px) 100vw, 350px\" \/>\t\t\t\t\t<\/a>\n\t\t\t\t\t\t\t<\/div>\n\t\t\t<div class=\"wrap_info\">\n\t\t\t\t<a href=\"https:\/\/zegarmistrz.pl\/komis\/zegarek\/rado-2\/\"><h3>Rado<\/h3><\/a>\n\t\t\t\t<div class=\"model\">HyperChrome Automatic UTC Limited Edition<\/div>\n\t\t\t<\/div>\n\t\t<\/div>\n\t\t\t<div class=\"zegarek\">\n\t\t\t<div class=\"wrap_img\">\n\t\t\t\t\t\t\t\t\t<a href=\"https:\/\/zegarmistrz.pl\/komis\/zegarek\/557\/\" title=\"Edox\">\n\t\t\t\t\t\t<img width=\"350\" height=\"350\" src=\"https:\/\/zegarmistrz.pl\/komis\/wp-content\/uploads\/2022\/09\/Edox_10241_komis_F-350x350.png\" class=\"img-responsive wp-post-image\" alt=\"\" loading=\"lazy\" srcset=\"https:\/\/zegarmistrz.pl\/komis\/wp-content\/uploads\/2022\/09\/Edox_10241_komis_F-350x350.png 350w, https:\/\/zegarmistrz.pl\/komis\/wp-content\/uploads\/2022\/09\/Edox_10241_komis_F-300x300.png 300w, https:\/\/zegarmistrz.pl\/komis\/wp-content\/uploads\/2022\/09\/Edox_10241_komis_F-150x150.png 150w, https:\/\/zegarmistrz.pl\/komis\/wp-content\/uploads\/2022\/09\/Edox_10241_komis_F-768x768.png 768w, https:\/\/zegarmistrz.pl\/komis\/wp-content\/uploads\/2022\/09\/Edox_10241_komis_F.png 1000w\" sizes=\"(max-width: 350px) 100vw, 350px\" \/>\t\t\t\t\t<\/a>\n\t\t\t\t\t\t\t<\/div>\n\t\t\t<div class=\"wrap_info\">\n\t\t\t\t<a href=\"https:\/\/zegarmistrz.pl\/komis\/zegarek\/557\/\"><h3>Edox<\/h3><\/a>\n\t\t\t\t<div class=\"model\">Edox CO-1 10241-TIV-BUIN CO-1 Sharkman III<\/div>\n\t\t\t<\/div>\n\t\t<\/div>\n\t\t\t<div class=\"zegarek\">\n\t\t\t<div class=\"wrap_img\">\n\t\t\t\t\t\t\t\t\t<a href=\"https:\/\/zegarmistrz.pl\/komis\/zegarek\/476\/\" title=\"Edox\">\n\t\t\t\t\t\t<img width=\"350\" height=\"350\" src=\"https:\/\/zegarmistrz.pl\/komis\/wp-content\/uploads\/2022\/08\/komis_zegarko\u0301w_eksluzywnych_prestige_mechaniczne_Szwajcarskie_poznan\u0301_polska_zegarmistrz_Edox_01121-_F-4-350x350.png\" class=\"img-responsive wp-post-image\" alt=\"\" loading=\"lazy\" srcset=\"https:\/\/zegarmistrz.pl\/komis\/wp-content\/uploads\/2022\/08\/komis_zegarko\u0301w_eksluzywnych_prestige_mechaniczne_Szwajcarskie_poznan\u0301_polska_zegarmistrz_Edox_01121-_F-4-350x350.png 350w, https:\/\/zegarmistrz.pl\/komis\/wp-content\/uploads\/2022\/08\/komis_zegarko\u0301w_eksluzywnych_prestige_mechaniczne_Szwajcarskie_poznan\u0301_polska_zegarmistrz_Edox_01121-_F-4-300x300.png 300w, https:\/\/zegarmistrz.pl\/komis\/wp-content\/uploads\/2022\/08\/komis_zegarko\u0301w_eksluzywnych_prestige_mechaniczne_Szwajcarskie_poznan\u0301_polska_zegarmistrz_Edox_01121-_F-4-150x150.png 150w, https:\/\/zegarmistrz.pl\/komis\/wp-content\/uploads\/2022\/08\/komis_zegarko\u0301w_eksluzywnych_prestige_mechaniczne_Szwajcarskie_poznan\u0301_polska_zegarmistrz_Edox_01121-_F-4-768x767.png 768w, https:\/\/zegarmistrz.pl\/komis\/wp-content\/uploads\/2022\/08\/komis_zegarko\u0301w_eksluzywnych_prestige_mechaniczne_Szwajcarskie_poznan\u0301_polska_zegarmistrz_Edox_01121-_F-4.png 1001w\" sizes=\"(max-width: 350px) 100vw, 350px\" \/>\t\t\t\t\t<\/a>\n\t\t\t\t\t\t\t<\/div>\n\t\t\t<div class=\"wrap_info\">\n\t\t\t\t<a href=\"https:\/\/zegarmistrz.pl\/komis\/zegarek\/476\/\"><h3>Edox<\/h3><\/a>\n\t\t\t\t<div class=\"model\">Grand Ocean<\/div>\n\t\t\t<\/div>\n\t\t<\/div>\n\t\t\t<div class=\"zegarek\">\n\t\t\t<div class=\"wrap_img\">\n\t\t\t\t\t\t\t\t\t<a href=\"https:\/\/zegarmistrz.pl\/komis\/zegarek\/edox-8\/\" title=\"Edox\">\n\t\t\t\t\t\t<img width=\"350\" height=\"350\" src=\"https:\/\/zegarmistrz.pl\/komis\/wp-content\/uploads\/2022\/08\/MG_1671-350x350.png\" class=\"img-responsive wp-post-image\" alt=\"\" loading=\"lazy\" srcset=\"https:\/\/zegarmistrz.pl\/komis\/wp-content\/uploads\/2022\/08\/MG_1671-350x350.png 350w, https:\/\/zegarmistrz.pl\/komis\/wp-content\/uploads\/2022\/08\/MG_1671-300x300.png 300w, https:\/\/zegarmistrz.pl\/komis\/wp-content\/uploads\/2022\/08\/MG_1671-150x150.png 150w, https:\/\/zegarmistrz.pl\/komis\/wp-content\/uploads\/2022\/08\/MG_1671-768x768.png 768w, https:\/\/zegarmistrz.pl\/komis\/wp-content\/uploads\/2022\/08\/MG_1671.png 1000w\" sizes=\"(max-width: 350px) 100vw, 350px\" \/>\t\t\t\t\t<\/a>\n\t\t\t\t\t\t\t<\/div>\n\t\t\t<div class=\"wrap_info\">\n\t\t\t\t<a href=\"https:\/\/zegarmistrz.pl\/komis\/zegarek\/edox-8\/\"><h3>Edox<\/h3><\/a>\n\t\t\t\t<div class=\"model\">Grand Ocean<\/div>\n\t\t\t<\/div>\n\t\t<\/div>\n\t\t\t<div class=\"zegarek\">\n\t\t\t<div class=\"wrap_img\">\n\t\t\t\t\t\t\t\t\t<a href=\"https:\/\/zegarmistrz.pl\/komis\/zegarek\/edox-6\/\" title=\"Edox\">\n\t\t\t\t\t\t<img width=\"350\" height=\"350\" src=\"https:\/\/zegarmistrz.pl\/komis\/wp-content\/uploads\/2022\/08\/komis_zegarko\u0301w_eksluzywnych_prestige_mechaniczne_Szwajcarskie_poznan\u0301_polska_zegarmistrz_Edox_27025-1-350x350.png\" class=\"img-responsive wp-post-image\" alt=\"\" loading=\"lazy\" srcset=\"https:\/\/zegarmistrz.pl\/komis\/wp-content\/uploads\/2022\/08\/komis_zegarko\u0301w_eksluzywnych_prestige_mechaniczne_Szwajcarskie_poznan\u0301_polska_zegarmistrz_Edox_27025-1-350x350.png 350w, https:\/\/zegarmistrz.pl\/komis\/wp-content\/uploads\/2022\/08\/komis_zegarko\u0301w_eksluzywnych_prestige_mechaniczne_Szwajcarskie_poznan\u0301_polska_zegarmistrz_Edox_27025-1-300x300.png 300w, https:\/\/zegarmistrz.pl\/komis\/wp-content\/uploads\/2022\/08\/komis_zegarko\u0301w_eksluzywnych_prestige_mechaniczne_Szwajcarskie_poznan\u0301_polska_zegarmistrz_Edox_27025-1-150x150.png 150w, https:\/\/zegarmistrz.pl\/komis\/wp-content\/uploads\/2022\/08\/komis_zegarko\u0301w_eksluzywnych_prestige_mechaniczne_Szwajcarskie_poznan\u0301_polska_zegarmistrz_Edox_27025-1-768x768.png 768w, https:\/\/zegarmistrz.pl\/komis\/wp-content\/uploads\/2022\/08\/komis_zegarko\u0301w_eksluzywnych_prestige_mechaniczne_Szwajcarskie_poznan\u0301_polska_zegarmistrz_Edox_27025-1.png 1000w\" sizes=\"(max-width: 350px) 100vw, 350px\" \/>\t\t\t\t\t<\/a>\n\t\t\t\t\t\t\t<\/div>\n\t\t\t<div class=\"wrap_info\">\n\t\t\t\t<a href=\"https:\/\/zegarmistrz.pl\/komis\/zegarek\/edox-6\/\"><h3>Edox<\/h3><\/a>\n\t\t\t\t<div class=\"model\">Les Bemonts Ultra Slim<\/div>\n\t\t\t<\/div>\n\t\t<\/div>\n\t\t<\/div><\/p>\n<p>\n<\/div><div class=\"kc-elm kc-css-928560\" style=\"height: 20px; clear: both; width:100%;\"><\/div>\n<div class=\"kc-elm kc-css-497868\">\n\t<a class=\"kc_button gold\" href=\"https:\/\/zegarmistrz.pl\/komis\/zegarek\/\" target=\"_self\" title=\"\" onclick=\"\">\n\t\tZOBACZ CA\u0141\u0104 KOLEKCJE\t<\/a>\n<\/div>\n<\/div><\/div><\/div><\/div><\/section><section class=\"kc-elm kc-css-608594 kc_row sekcja-black\"><div class=\"kc-row-container  kc-container\"><div class=\"kc-wrap-columns\"><div class=\"kc-elm kc-css-428372 kc_col-sm-8 kc_column kc_col-sm-8\"><div class=\"kc-col-container\">\n<div class=\"kc-elm kc-css-751827 kc-title-wrap \">\n\n\t<h3 class=\"kc_title kreska-top\">Chcesz sprzeda\u0107 sw\u00f3j zegarek?<\/h3>\n<\/div>\n<div class=\"kc-elm kc-css-249907\" style=\"height: 20px; clear: both; width:100%;\"><\/div><div class=\"kc-elm kc-css-215647 kc_text_block\"><\/p>\n<p>Je\u017celi zale\u017cy Ci na bezpiecznej sprzeda\u017cy, posiadasz pe\u0142n\u0105 dokumentacje zakupionego zegarka, to miejsce jest dla Ciebie.<\/p>\n<p>\n<\/div><div class=\"kc-elm kc-css-876834\" style=\"height: 20px; clear: both; width:100%;\"><\/div>\n<div class=\"kc-elm kc-css-607893\">\n\t<a class=\"kc_button\" href=\"https:\/\/zegarmistrz.pl\/komis\/formularz-zgloszeniowy\/\" target=\"_self\" title=\"Formularz zg\u0142oszeniowy\" onclick=\"\">\n\t\tDowiedz si\u0119 wi\u0119cej\t<\/a>\n<\/div>\n<\/div><\/div><div class=\"kc-elm kc-css-196948 kc_col-sm-4 kc_column kc_col-sm-4\"><div class=\"kc-col-container\"><\/div><\/div><\/div><\/div><\/section><section class=\"kc-elm kc-css-525756 kc_row sekcja-black\"><div class=\"kc-row-container  kc-container\"><div class=\"kc-wrap-columns\"><div class=\"kc-elm kc-css-776260 kc_col-sm-4 kc_column kc_col-sm-4\"><div class=\"kc-col-container\"><\/div><\/div><div class=\"kc-elm kc-css-713345 kc_col-sm-8 kc_column kc_col-sm-8\"><div class=\"kc-col-container\">\n<div class=\"kc-elm kc-css-924049 kc-title-wrap \">\n\n\t<h3 class=\"kc_title kreska-top\">Tw\u00f3j wymarzony zegarek<\/h3>\n<\/div>\n<div class=\"kc-elm kc-css-609140\" style=\"height: 20px; clear: both; width:100%;\"><\/div><div class=\"kc-elm kc-css-568367 kc_text_block\"><\/p>\n<p>My\u015blisz o zakupie zegarka, a nie mamy go w naszej aktualnej ofercie? Napisz do nas a pomo\u017cemy Ci go znale\u017a\u0107.<\/p>\n<p>\n<\/div><div class=\"kc-elm kc-css-460971\" style=\"height: 20px; clear: both; width:100%;\"><\/div>\n<div class=\"kc-elm kc-css-198964\">\n\t<a class=\"kc_button\" href=\"#\" onclick=\"\">\n\t\tWy\u015blij wiadomo\u015b\u0107\t<\/a>\n<\/div>\n<\/div><\/div><\/div><\/div><\/section><section class=\"kc-elm kc-css-326979 kc_row\"><div class=\"kc-row-container  kc-container\"><div class=\"kc-wrap-columns\"><\/div><\/div><\/section><section class=\"kc-elm kc-css-517447 kc_row\"><div class=\"kc-row-container  kc-container\"><div class=\"kc-wrap-columns\"><\/div><\/div><\/section><\/p>\n","protected":false},"excerpt":{"rendered":"","protected":false},"author":2,"featured_media":0,"parent":0,"menu_order":0,"comment_status":"closed","ping_status":"closed","template":"","meta":[],"acf":[],"_links":{"self":[{"href":"https:\/\/zegarmistrz.pl\/komis\/wp-json\/wp\/v2\/pages\/7"}],"collection":[{"href":"https:\/\/zegarmistrz.pl\/komis\/wp-json\/wp\/v2\/pages"}],"about":[{"href":"https:\/\/zegarmistrz.pl\/komis\/wp-json\/wp\/v2\/types\/page"}],"author":[{"embeddable":true,"href":"https:\/\/zegarmistrz.pl\/komis\/wp-json\/wp\/v2\/users\/2"}],"replies":[{"embeddable":true,"href":"https:\/\/zegarmistrz.pl\/komis\/wp-json\/wp\/v2\/comments?post=7"}],"version-history":[{"count":5,"href":"https:\/\/zegarmistrz.pl\/komis\/wp-json\/wp\/v2\/pages\/7\/revisions"}],"predecessor-version":[{"id":725,"href":"https:\/\/zegarmistrz.pl\/komis\/wp-json\/wp\/v2\/pages\/7\/revisions\/725"}],"wp:attachment":[{"href":"https:\/\/zegarmistrz.pl\/komis\/wp-json\/wp\/v2\/media?parent=7"}],"curies":[{"name":"wp","href":"https:\/\/api.w.org\/{rel}","templated":true}]}}